{"id":623,"date":"2020-09-26T09:49:56","date_gmt":"2020-09-26T09:49:56","guid":{"rendered":"http:\/\/acelekase.net\/?post_type=product&#038;p=623"},"modified":"2025-07-04T20:06:41","modified_gmt":"2025-07-04T20:06:41","slug":"ideal-32","status":"publish","type":"product","link":"http:\/\/acelekase.net\/index.php\/urun\/ideal-32\/","title":{"rendered":"Cep Ka\u015fesi Kare 32"},"content":{"rendered":"<p><strong>Ka\u015femiz Otomatik Mekanizmal\u0131 ve Kendinden M\u00fcrekkeplidir.<\/strong><\/p>\n<p><strong>30 * 30\u00a0 mm Kare Bask\u0131 Yapabilir.<\/strong><\/p>\n<p><strong>Ka\u015fe i\u00e7erisinde Su bazl\u0131 M\u00fcrekkep ile Doludur.<\/strong><\/p>\n<p><strong>500-1000 adet 1. Hamur ka\u011f\u0131da bask\u0131 yap\u0131labilir.<\/strong><\/p>\n<p><strong>Ka\u015fe i\u00e7erisindeki M\u00fcrekkep Su Bazl\u0131 oldu\u011fundan Ku\u015fe Ka\u011f\u0131t &#8211; Deri &#8211; Po\u015fet &#8211; Plastik\u00a0 \u00fczerinde iyi sonu\u00e7 vermemektedir.<\/strong><\/p>\n<p><strong>Bu zeminlerde <a href=\"http:\/\/acelekase.net\/index.php\/urun\/kaygan-zemin-murekkebi\">KAYGAN ZEM\u0130N M\u00dcREKKEB\u0130<\/a> kullanman\u0131z\u0131 tavsiye ediyoruz.<\/strong><\/p>\n<p><strong>Sipari\u015finiz de l\u00fctfen belirtiniz.<\/strong><\/p>\n<p><strong>\u0130ste\u011finize g\u00f6re Mavi &#8211; Siyah &#8211; K\u0131rm\u0131z\u0131 M\u00fcrekkepli Yap\u0131labilir.<\/strong><\/p>\n<p><strong>Ka\u015fe yap\u0131m\u0131nda Kau\u00e7uk Lastik Kullan\u0131lmaktad\u0131r.<\/strong><\/p>\n<p><strong> Lazer Kaz\u0131ma Teknolojisiyle 5 Dakikada Ka\u015fenizi \u00dcretiyoruz.<\/strong><\/p>\n<p><strong>Ayn\u0131 G\u00fcn Kargo Yapmaktay\u0131z.<\/strong><\/p>\n<p><strong><em>B\u0130Z\u0130 TERC\u0130H ETT\u0130\u011e\u0130N\u0130Z \u0130\u00c7\u0130N TE\u015eEKK\u00dcRLER.<\/em><\/strong><\/p>\n","protected":false},"excerpt":{"rendered":"<p>Ka\u015femiz Otomatik Mekanizmal\u0131 ve Kendinden M\u00fcrekkeplidir. 30 * 30\u00a0 mm Kare Bask\u0131 Yapabilir. Ka\u015fe i\u00e7erisinde Su bazl\u0131 M\u00fcrekkep ile Doludur.&hellip;<\/p>\n","protected":false},"featured_media":1214,"template":"","meta":[],"product_brand":[],"product_cat":[30],"product_tag":[],"class_list":{"0":"post-623","1":"product","2":"type-product","3":"status-publish","4":"has-post-thumbnail","6":"product_cat-cep-ve-kalem-kaseleri","8":"first","9":"instock","10":"sale","11":"taxable","12":"shipping-taxable","13":"purchasable","14":"product-type-variable"},"_links":{"self":[{"href":"http:\/\/acelekase.net\/index.php\/wp-json\/wp\/v2\/product\/623","targetHints":{"allow":["GET"]}}],"collection":[{"href":"http:\/\/acelekase.net\/index.php\/wp-json\/wp\/v2\/product"}],"about":[{"href":"http:\/\/acelekase.net\/index.php\/wp-json\/wp\/v2\/types\/product"}],"wp:featuredmedia":[{"embeddable":true,"href":"http:\/\/acelekase.net\/index.php\/wp-json\/wp\/v2\/media\/1214"}],"wp:attachment":[{"href":"http:\/\/acelekase.net\/index.php\/wp-json\/wp\/v2\/media?parent=623"}],"wp:term":[{"taxonomy":"product_brand","embeddable":true,"href":"http:\/\/acelekase.net\/index.php\/wp-json\/wp\/v2\/product_brand?post=623"},{"taxonomy":"product_cat","embeddable":true,"href":"http:\/\/acelekase.net\/index.php\/wp-json\/wp\/v2\/product_cat?post=623"},{"taxonomy":"product_tag","embeddable":true,"href":"http:\/\/acelekase.net\/index.php\/wp-json\/wp\/v2\/product_tag?post=623"}],"curies":[{"name":"wp","href":"https:\/\/api.w.org\/{rel}","templated":true}]}}